{"id":2475,"date":"2022-02-10T22:37:43","date_gmt":"2022-02-11T04:37:43","guid":{"rendered":"https:\/\/www.feedthehungrysma.org\/?page_id=2475"},"modified":"2024-05-07T00:48:40","modified_gmt":"2024-05-07T05:48:40","slug":"school-meals-program","status":"publish","type":"page","link":"https:\/\/www.sanmiguelsinhambre.org\/es\/school-meals-program\/","title":{"rendered":"Programa de Alimentaci\u00f3n Escolar"},"content":{"rendered":"<div data-elementor-type=\"wp-page\" data-elementor-id=\"2475\" class=\"elementor elementor-2475\" data-elementor-post-type=\"page\">\n\t\t\t\t\t\t<section class=\"elementor-section elementor-top-section elementor-element elementor-element-23b6adb elementor-section-boxed elementor-section-height-default elementor-section-height-default\" data-id=\"23b6adb\" data-element_type=\"section\" data-e-type=\"section\">\n\t\t\t\t\t\t<div class=\"elementor-container elementor-column-gap-default\">\n\t\t\t\t\t<div class=\"elementor-column elementor-col-100 elementor-top-column elementor-element elementor-element-70c679d\" data-id=\"70c679d\" data-element_type=\"column\" data-e-type=\"column\">\n\t\t\t<div class=\"elementor-widget-wrap elementor-element-populated\">\n\t\t\t\t\t\t<div class=\"elementor-element elementor-element-1928742 elementor-widget elementor-widget-image\" data-id=\"1928742\" data-element_type=\"widget\" data-e-type=\"widget\" data-widget_type=\"image.default\">\n\t\t\t\t<div class=\"elementor-widget-container\">\n\t\t\t\t\t\t\t\t\t\t\t\t\t\t\t<img fetchpriority=\"high\" decoding=\"async\" width=\"952\" height=\"565\" src=\"https:\/\/www.sanmiguelsinhambre.org\/wp-content\/uploads\/2022\/05\/Cooks-chopping.jpg\" class=\"attachment-full size-full wp-image-5576\" alt=\"\" srcset=\"https:\/\/www.sanmiguelsinhambre.org\/wp-content\/uploads\/2022\/05\/Cooks-chopping.jpg 952w, https:\/\/www.sanmiguelsinhambre.org\/wp-content\/uploads\/2022\/05\/Cooks-chopping-300x178.jpg 300w, https:\/\/www.sanmiguelsinhambre.org\/wp-content\/uploads\/2022\/05\/Cooks-chopping-768x456.jpg 768w\" sizes=\"(max-width: 952px) 100vw, 952px\" \/>\t\t\t\t\t\t\t\t\t\t\t\t\t\t\t<\/div>\n\t\t\t\t<\/div>\n\t\t\t\t<div class=\"elementor-element elementor-element-db795be elementor-widget elementor-widget-text-editor\" data-id=\"db795be\" data-element_type=\"widget\" data-e-type=\"widget\" data-widget_type=\"text-editor.default\">\n\t\t\t\t<div class=\"elementor-widget-container\">\n\t\t\t\t\t\t\t\t\t<p><span class=\"TextRun Highlight SCXW30255153 BCX8\" lang=\"EN-US\" xml:lang=\"EN-US\" data-contrast=\"none\"><span class=\"NormalTextRun SCXW30255153 BCX8\">When schools are in session, Feed the Hungry San Miguel <\/span><span class=\"NormalTextRun SCXW30255153 BCX8\">operates<\/span><span class=\"NormalTextRun SCXW30255153 BCX8\"> kitchens attached to <\/span><span class=\"NormalTextRun SCXW30255153 BCX8\">40 <\/span><span class=\"NormalTextRun SCXW30255153 BCX8\">preschools and primary schools in the poorest communities in the San Miguel de Allende municipality. <\/span><span class=\"NormalTextRun AdvancedProofingIssueV2Themed SCXW30255153 BCX8\">The majority of<\/span><span class=\"NormalTextRun SCXW30255153 BCX8\"> them are in rural villages<\/span><span class=\"NormalTextRun SCXW30255153 BCX8\">.<\/span><\/span>\u00a0In most of the communities, cooks are hired, trained, and paid a year-round salary and benefits, while in the remaining kitchens the cooking and serving is done by a small group of mothers who volunteer. Both salaried and volunteer cooks receive recurrent training and oversight from staff supervisors who visit the kitchens each week.<\/p><p>A m\u00e1s de 4.000 ni\u00f1os se les ofrece una comida caliente cuidadosamente preparada y bien equilibrada todos los d\u00edas escolares. Debido a que se requiere que asistan a la escuela para recibir la comida, la asistencia a \u201cnuestras\u201d escuelas aumenta tanto como 20%. La mayor\u00eda de las escuelas est\u00e1n en \u00e1reas muy remotas y muchos ni\u00f1os caminan millas en cada direcci\u00f3n para recibir una comida caliente y asistir a la escuela.<\/p><p>Nos comprometemos a permanecer en un pueblo mientras la comunidad sienta que somos necesarios. Es este compromiso honrado por el tiempo el que ha creado la profunda confianza y el respeto mutuo que permite a Feed the Hungry San Miguel iniciar programas adicionales de educaci\u00f3n y desarrollo comunitario e introducir otras ONG con las que desarrollamos programas cooperativos en las aldeas donde mantenemos nuestras cocinas escolares.<\/p><p>Tambi\u00e9n entregamos alimentos para las comidas diarias de cientos de hu\u00e9rfanos, ni\u00f1os con discapacidades y ancianos que son atendidos por siete organizaciones ben\u00e9ficas urbanas locales.<\/p><p>Seleccionamos cuidadosamente las fuentes locales para la compra de carne, aves, frutas y verduras frescas, productos l\u00e1cteos y productos secos, para garantizar la calidad, el precio justo y la disponibilidad confiable. Se estima que anualmente se transportan m\u00e1s de 30 toneladas de productos alimenticios a las instalaciones del almac\u00e9n y se entregan semanalmente a las escuelas y organizaciones ben\u00e9ficas locales.<\/p>\t\t\t\t\t\t\t\t<\/div>\n\t\t\t\t<\/div>\n\t\t\t\t<div class=\"elementor-element elementor-element-c344dcb elementor-widget elementor-widget-heading\" data-id=\"c344dcb\" data-element_type=\"widget\" data-e-type=\"widget\" data-widget_type=\"heading.default\">\n\t\t\t\t<div class=\"elementor-widget-container\">\n\t\t\t\t\t<h4 class=\"elementor-heading-title elementor-size-default\">COMIDAS SALUDABLES<\/h4>\t\t\t\t<\/div>\n\t\t\t\t<\/div>\n\t\t\t\t<section class=\"elementor-section elementor-inner-section elementor-element elementor-element-ef5494f elementor-section-boxed elementor-section-height-default elementor-section-height-default\" data-id=\"ef5494f\" data-element_type=\"section\" data-e-type=\"section\">\n\t\t\t\t\t\t<div class=\"elementor-container elementor-column-gap-default\">\n\t\t\t\t\t<div class=\"elementor-column elementor-col-50 elementor-inner-column elementor-element elementor-element-41ad068\" data-id=\"41ad068\" data-element_type=\"column\" data-e-type=\"column\">\n\t\t\t<div class=\"elementor-widget-wrap elementor-element-populated\">\n\t\t\t\t\t\t<div class=\"elementor-element elementor-element-f1b4c19 elementor-widget elementor-widget-text-editor\" data-id=\"f1b4c19\" data-element_type=\"widget\" data-e-type=\"widget\" data-widget_type=\"text-editor.default\">\n\t\t\t\t<div class=\"elementor-widget-container\">\n\t\t\t\t\t\t\t\t\t<p>Luego de una evaluaci\u00f3n de las necesidades nutricionales de los ni\u00f1os, un nutricionista del personal determina las necesidades nutricionales y cal\u00f3ricas de cada grupo escolar y un chef capacitado desarrolla recetas y men\u00fas en consecuencia. Los men\u00fas variados est\u00e1n estructurados para presentar todos los grupos de alimentos y cumplir con el 30% de las necesidades cal\u00f3ricas diarias del ni\u00f1o en cada etapa de su crecimiento. El men\u00fa cambia seg\u00fan la temporada para incluir frutas y verduras cultivadas localmente.<\/p>\t\t\t\t\t\t\t\t<\/div>\n\t\t\t\t<\/div>\n\t\t\t\t\t<\/div>\n\t\t<\/div>\n\t\t\t\t<div class=\"elementor-column elementor-col-50 elementor-inner-column elementor-element elementor-element-8791cfd\" data-id=\"8791cfd\" data-element_type=\"column\" data-e-type=\"column\">\n\t\t\t<div class=\"elementor-widget-wrap elementor-element-populated\">\n\t\t\t\t\t\t<div class=\"elementor-element elementor-element-42a268d elementor-widget elementor-widget-image\" data-id=\"42a268d\" data-element_type=\"widget\" data-e-type=\"widget\" data-widget_type=\"image.default\">\n\t\t\t\t<div class=\"elementor-widget-container\">\n\t\t\t\t\t\t\t\t\t\t\t\t\t\t\t<img decoding=\"async\" width=\"960\" height=\"720\" src=\"https:\/\/www.sanmiguelsinhambre.org\/wp-content\/uploads\/2022\/05\/School-Meals.jpg\" class=\"attachment-large size-large wp-image-5581\" alt=\"\" srcset=\"https:\/\/www.sanmiguelsinhambre.org\/wp-content\/uploads\/2022\/05\/School-Meals.jpg 960w, https:\/\/www.sanmiguelsinhambre.org\/wp-content\/uploads\/2022\/05\/School-Meals-300x225.jpg 300w, https:\/\/www.sanmiguelsinhambre.org\/wp-content\/uploads\/2022\/05\/School-Meals-768x576.jpg 768w\" sizes=\"(max-width: 960px) 100vw, 960px\" loading=\"lazy\" \/>\t\t\t\t\t\t\t\t\t\t\t\t\t\t\t<\/div>\n\t\t\t\t<\/div>\n\t\t\t\t\t<\/div>\n\t\t<\/div>\n\t\t\t\t\t<\/div>\n\t\t<\/section>\n\t\t\t\t<div class=\"elementor-element elementor-element-a5bfadc elementor-widget elementor-widget-text-editor\" data-id=\"a5bfadc\" data-element_type=\"widget\" data-e-type=\"widget\" data-widget_type=\"text-editor.default\">\n\t\t\t\t<div class=\"elementor-widget-container\">\n\t\t\t\t\t\t\t\t\t<ul><li>Un ni\u00f1o en edad preescolar requiere de 1000 a 1200 calor\u00edas al d\u00eda.<\/li><li>Un ni\u00f1o de primaria necesita entre 1200 y 1500 calor\u00edas al d\u00eda<\/li><li>Un ni\u00f1o de secundaria requiere 1500 -1700 calor\u00edas al d\u00eda<\/li><\/ul><p>Los supervisores de cocina visitan las cocinas escolares semanalmente para inventariar los alimentos, redactar las \u00f3rdenes de entrega semanales e inspeccionar las cocinas para verificar el cumplimiento de las normas de higiene y sanidad. Se presta mucha atenci\u00f3n a hacer que las comidas nutricionalmente equilibradas sean lo m\u00e1s sabrosas posible para fomentar la aceptaci\u00f3n entusiasta de los ni\u00f1os de h\u00e1bitos alimenticios saludables y nuevos alimentos.<\/p>\t\t\t\t\t\t\t\t<\/div>\n\t\t\t\t<\/div>\n\t\t\t\t<div class=\"elementor-element elementor-element-62bb6ab elementor-align-center elementor-widget elementor-widget-button\" data-id=\"62bb6ab\" data-element_type=\"widget\" data-e-type=\"widget\" data-widget_type=\"button.default\">\n\t\t\t\t<div class=\"elementor-widget-container\">\n\t\t\t\t\t\t\t\t\t<div class=\"elementor-button-wrapper\">\n\t\t\t\t\t<a class=\"elementor-button elementor-button-link elementor-size-sm\" href=\"https:\/\/www.google.com\/maps\/d\/u\/0\/viewer?mid=15JA7put4z5w2MY6tCxZzHvUpo_YA1QMs&#038;ll=21.003861023860857%2C-100.71955615&#038;z=10\" target=\"_blank\">\n\t\t\t\t\t\t<span class=\"elementor-button-content-wrapper\">\n\t\t\t\t\t\t<span class=\"elementor-button-icon\">\n\t\t\t\t<i aria-hidden=\"true\" class=\"fas fa-map-marker-alt\"><\/i>\t\t\t<\/span>\n\t\t\t\t\t\t\t\t\t<span class=\"elementor-button-text\">Directions to schools for Feed the Hungry Volunteer Drivers Only<\/span>\n\t\t\t\t\t<\/span>\n\t\t\t\t\t<\/a>\n\t\t\t\t<\/div>\n\t\t\t\t\t\t\t\t<\/div>\n\t\t\t\t<\/div>\n\t\t\t\t<div class=\"elementor-element elementor-element-d6fce55 elementor-widget elementor-widget-image\" data-id=\"d6fce55\" data-element_type=\"widget\" data-e-type=\"widget\" data-widget_type=\"image.default\">\n\t\t\t\t<div class=\"elementor-widget-container\">\n\t\t\t\t\t\t\t\t\t\t\t\t\t\t\t<img decoding=\"async\" width=\"858\" height=\"678\" src=\"https:\/\/www.sanmiguelsinhambre.org\/wp-content\/uploads\/2022\/02\/Mapa-Diciembre-2018.jpg\" class=\"attachment-full size-full wp-image-2597\" alt=\"\" srcset=\"https:\/\/www.sanmiguelsinhambre.org\/wp-content\/uploads\/2022\/02\/Mapa-Diciembre-2018.jpg 858w, https:\/\/www.sanmiguelsinhambre.org\/wp-content\/uploads\/2022\/02\/Mapa-Diciembre-2018-300x237.jpg 300w, https:\/\/www.sanmiguelsinhambre.org\/wp-content\/uploads\/2022\/02\/Mapa-Diciembre-2018-768x607.jpg 768w\" sizes=\"(max-width: 858px) 100vw, 858px\" loading=\"lazy\" \/>\t\t\t\t\t\t\t\t\t\t\t\t\t\t\t<\/div>\n\t\t\t\t<\/div>\n\t\t\t\t\t<\/div>\n\t\t<\/div>\n\t\t\t\t\t<\/div>\n\t\t<\/section>\n\t\t\t\t<\/div>","protected":false},"excerpt":{"rendered":"<p>When schools are in session, Feed the Hungry San Miguel operates kitchens attached to 40 preschools and primary schools in the poorest communities in the San Miguel de Allende municipality. The majority of them are in rural villages.\u00a0In most of the communities, cooks are hired, trained, and paid a year-round salary and benefits, while in [&hellip;]<\/p>\n","protected":false},"author":279,"featured_media":5576,"parent":0,"menu_order":0,"comment_status":"closed","ping_status":"closed","template":"elementor_theme","meta":{"site-sidebar-layout":"right-sidebar","site-content-layout":"boxed-container","ast-site-content-layout":"normal-width-container","site-content-style":"boxed","site-sidebar-style":"boxed","ast-global-header-display":"","ast-banner-title-visibility":"","ast-main-header-display":"","ast-hfb-above-header-display":"","ast-hfb-below-header-display":"","ast-hfb-mobile-header-display":"","site-post-title":"","ast-breadcrumbs-content":"","ast-featured-img":"","footer-sml-layout":"","ast-disable-related-posts":"","theme-transparent-header-meta":"","adv-header-id-meta":"","stick-header-meta":"","header-above-stick-meta":"","header-main-stick-meta":"","header-below-stick-meta":"","astra-migrate-meta-layouts":"set","ast-page-background-enabled":"default","ast-page-background-meta":{"desktop":{"background-color":"","background-image":"","background-repeat":"repeat","background-position":"center center","background-size":"auto","background-attachment":"scroll","background-type":"","background-media":"","overlay-type":"","overlay-color":"","overlay-opacity":"","overlay-gradient":""},"tablet":{"background-color":"","background-image":"","background-repeat":"repeat","background-position":"center center","background-size":"auto","background-attachment":"scroll","background-type":"","background-media":"","overlay-type":"","overlay-color":"","overlay-opacity":"","overlay-gradient":""},"mobile":{"background-color":"","background-image":"","background-repeat":"repeat","background-position":"center center","background-size":"auto","background-attachment":"scroll","background-type":"","background-media":"","overlay-type":"","overlay-color":"","overlay-opacity":"","overlay-gradient":""}},"ast-content-background-meta":{"desktop":{"background-color":"var(--ast-global-color-5)","background-image":"","background-repeat":"repeat","background-position":"center center","background-size":"auto","background-attachment":"scroll","background-type":"","background-media":"","overlay-type":"","overlay-color":"","overlay-opacity":"","overlay-gradient":""},"tablet":{"background-color":"var(--ast-global-color-5)","background-image":"","background-repeat":"repeat","background-position":"center center","background-size":"auto","background-attachment":"scroll","background-type":"","background-media":"","overlay-type":"","overlay-color":"","overlay-opacity":"","overlay-gradient":""},"mobile":{"background-color":"var(--ast-global-color-5)","background-image":"","background-repeat":"repeat","background-position":"center center","background-size":"auto","background-attachment":"scroll","background-type":"","background-media":"","overlay-type":"","overlay-color":"","overlay-opacity":"","overlay-gradient":""}},"cybocfi_hide_featured_image":"yes","_joinchat":[],"footnotes":""},"class_list":["post-2475","page","type-page","status-publish","has-post-thumbnail","hentry"],"yoast_head":"<!-- This site is optimized with the Yoast SEO plugin v27.3 - https:\/\/yoast.com\/product\/yoast-seo-wordpress\/ -->\n<title>School Meals Program - Feed the Hungry San Miguel<\/title>\n<meta name=\"robots\" content=\"index, follow, max-snippet:-1, max-image-preview:large, max-video-preview:-1\" \/>\n<link rel=\"canonical\" href=\"https:\/\/www.feedthehungrysma.org\/es\/school-meals-program\/\" \/>\n<meta property=\"og:locale\" content=\"es_MX\" \/>\n<meta property=\"og:type\" content=\"article\" \/>\n<meta property=\"og:title\" content=\"School Meals Program - Feed the Hungry San Miguel\" \/>\n<meta property=\"og:description\" content=\"When schools are in session, Feed the Hungry San Miguel operates kitchens attached to 40 preschools and primary schools in the poorest communities in the San Miguel de Allende municipality. The majority of them are in rural villages.\u00a0In most of the communities, cooks are hired, trained, and paid a year-round salary and benefits, while in [&hellip;]\" \/>\n<meta property=\"og:url\" content=\"https:\/\/www.feedthehungrysma.org\/es\/school-meals-program\/\" \/>\n<meta property=\"og:site_name\" content=\"Feed the Hungry San Miguel\" \/>\n<meta property=\"article:publisher\" content=\"https:\/\/www.facebook.com\/FeedtheHungrySMA\/\" \/>\n<meta property=\"article:modified_time\" content=\"2024-05-07T05:48:40+00:00\" \/>\n<meta property=\"og:image\" content=\"https:\/\/www.feedthehungrysma.org\/wp-content\/uploads\/2022\/05\/Cooks-chopping.jpg\" \/>\n\t<meta property=\"og:image:width\" content=\"952\" \/>\n\t<meta property=\"og:image:height\" content=\"565\" \/>\n\t<meta property=\"og:image:type\" content=\"image\/jpeg\" \/>\n<meta name=\"twitter:card\" content=\"summary_large_image\" \/>\n<meta name=\"twitter:site\" content=\"@FTHSanMiguel\" \/>\n<meta name=\"twitter:label1\" content=\"Tiempo de lectura\" \/>\n\t<meta name=\"twitter:data1\" content=\"3 minutos\" \/>\n<script type=\"application\/ld+json\" class=\"yoast-schema-graph\">{\"@context\":\"https:\\\/\\\/schema.org\",\"@graph\":[{\"@type\":\"WebPage\",\"@id\":\"https:\\\/\\\/www.feedthehungrysma.org\\\/es\\\/school-meals-program\\\/\",\"url\":\"https:\\\/\\\/www.feedthehungrysma.org\\\/es\\\/school-meals-program\\\/\",\"name\":\"School Meals Program - Feed the Hungry San Miguel\",\"isPartOf\":{\"@id\":\"https:\\\/\\\/www.feedthehungrysma.org\\\/#website\"},\"primaryImageOfPage\":{\"@id\":\"https:\\\/\\\/www.feedthehungrysma.org\\\/es\\\/school-meals-program\\\/#primaryimage\"},\"image\":{\"@id\":\"https:\\\/\\\/www.feedthehungrysma.org\\\/es\\\/school-meals-program\\\/#primaryimage\"},\"thumbnailUrl\":\"https:\\\/\\\/www.sanmiguelsinhambre.org\\\/wp-content\\\/uploads\\\/2022\\\/05\\\/Cooks-chopping.jpg\",\"datePublished\":\"2022-02-11T04:37:43+00:00\",\"dateModified\":\"2024-05-07T05:48:40+00:00\",\"breadcrumb\":{\"@id\":\"https:\\\/\\\/www.feedthehungrysma.org\\\/es\\\/school-meals-program\\\/#breadcrumb\"},\"inLanguage\":\"es\",\"potentialAction\":[{\"@type\":\"ReadAction\",\"target\":[\"https:\\\/\\\/www.feedthehungrysma.org\\\/es\\\/school-meals-program\\\/\"]}]},{\"@type\":\"BreadcrumbList\",\"@id\":\"https:\\\/\\\/www.feedthehungrysma.org\\\/es\\\/school-meals-program\\\/#breadcrumb\",\"itemListElement\":[{\"@type\":\"ListItem\",\"position\":1,\"name\":\"Home\",\"item\":\"https:\\\/\\\/www.sanmiguelsinhambre.org\\\/es\\\/\"},{\"@type\":\"ListItem\",\"position\":2,\"name\":\"School Meals Program\"}]},{\"@type\":\"WebSite\",\"@id\":\"https:\\\/\\\/www.feedthehungrysma.org\\\/#website\",\"url\":\"https:\\\/\\\/www.feedthehungrysma.org\\\/\",\"name\":\"Feed the Hungry San Miguel\",\"description\":\"\",\"publisher\":{\"@id\":\"https:\\\/\\\/www.feedthehungrysma.org\\\/#organization\"},\"potentialAction\":[{\"@type\":\"SearchAction\",\"target\":{\"@type\":\"EntryPoint\",\"urlTemplate\":\"https:\\\/\\\/www.feedthehungrysma.org\\\/?s={search_term_string}\"},\"query-input\":{\"@type\":\"PropertyValueSpecification\",\"valueRequired\":true,\"valueName\":\"search_term_string\"}}],\"inLanguage\":\"es\"},{\"@type\":\"Organization\",\"@id\":\"https:\\\/\\\/www.feedthehungrysma.org\\\/#organization\",\"name\":\"Feed the Hungry San Miguel A.C\",\"url\":\"https:\\\/\\\/www.feedthehungrysma.org\\\/\",\"logo\":{\"@type\":\"ImageObject\",\"inLanguage\":\"es\",\"@id\":\"https:\\\/\\\/www.feedthehungrysma.org\\\/#\\\/schema\\\/logo\\\/image\\\/\",\"url\":\"https:\\\/\\\/www.feedthehungrysma.org\\\/wp-content\\\/uploads\\\/2023\\\/12\\\/fth_40anos_v2.png\",\"contentUrl\":\"https:\\\/\\\/www.feedthehungrysma.org\\\/wp-content\\\/uploads\\\/2023\\\/12\\\/fth_40anos_v2.png\",\"width\":554,\"height\":178,\"caption\":\"Feed the Hungry San Miguel A.C\"},\"image\":{\"@id\":\"https:\\\/\\\/www.feedthehungrysma.org\\\/#\\\/schema\\\/logo\\\/image\\\/\"},\"sameAs\":[\"https:\\\/\\\/www.facebook.com\\\/FeedtheHungrySMA\\\/\",\"https:\\\/\\\/x.com\\\/FTHSanMiguel\",\"https:\\\/\\\/www.instagram.com\\\/FeedTheHungrySMA\\\/\",\"https:\\\/\\\/www.youtube.com\\\/channel\\\/UC1pXgylwryRMKsayIP9bPIA\"]}]}<\/script>\n<!-- \/ Yoast SEO plugin. -->","yoast_head_json":{"title":"School Meals Program - Feed the Hungry San Miguel","robots":{"index":"index","follow":"follow","max-snippet":"max-snippet:-1","max-image-preview":"max-image-preview:large","max-video-preview":"max-video-preview:-1"},"canonical":"https:\/\/www.feedthehungrysma.org\/es\/school-meals-program\/","og_locale":"es_MX","og_type":"article","og_title":"School Meals Program - Feed the Hungry San Miguel","og_description":"When schools are in session, Feed the Hungry San Miguel operates kitchens attached to 40 preschools and primary schools in the poorest communities in the San Miguel de Allende municipality. The majority of them are in rural villages.\u00a0In most of the communities, cooks are hired, trained, and paid a year-round salary and benefits, while in [&hellip;]","og_url":"https:\/\/www.feedthehungrysma.org\/es\/school-meals-program\/","og_site_name":"Feed the Hungry San Miguel","article_publisher":"https:\/\/www.facebook.com\/FeedtheHungrySMA\/","article_modified_time":"2024-05-07T05:48:40+00:00","og_image":[{"width":952,"height":565,"url":"https:\/\/www.feedthehungrysma.org\/wp-content\/uploads\/2022\/05\/Cooks-chopping.jpg","type":"image\/jpeg"}],"twitter_card":"summary_large_image","twitter_site":"@FTHSanMiguel","twitter_misc":{"Tiempo de lectura":"3 minutos"},"schema":{"@context":"https:\/\/schema.org","@graph":[{"@type":"WebPage","@id":"https:\/\/www.feedthehungrysma.org\/es\/school-meals-program\/","url":"https:\/\/www.feedthehungrysma.org\/es\/school-meals-program\/","name":"School Meals Program - Feed the Hungry San Miguel","isPartOf":{"@id":"https:\/\/www.feedthehungrysma.org\/#website"},"primaryImageOfPage":{"@id":"https:\/\/www.feedthehungrysma.org\/es\/school-meals-program\/#primaryimage"},"image":{"@id":"https:\/\/www.feedthehungrysma.org\/es\/school-meals-program\/#primaryimage"},"thumbnailUrl":"https:\/\/www.sanmiguelsinhambre.org\/wp-content\/uploads\/2022\/05\/Cooks-chopping.jpg","datePublished":"2022-02-11T04:37:43+00:00","dateModified":"2024-05-07T05:48:40+00:00","breadcrumb":{"@id":"https:\/\/www.feedthehungrysma.org\/es\/school-meals-program\/#breadcrumb"},"inLanguage":"es","potentialAction":[{"@type":"ReadAction","target":["https:\/\/www.feedthehungrysma.org\/es\/school-meals-program\/"]}]},{"@type":"BreadcrumbList","@id":"https:\/\/www.feedthehungrysma.org\/es\/school-meals-program\/#breadcrumb","itemListElement":[{"@type":"ListItem","position":1,"name":"Home","item":"https:\/\/www.sanmiguelsinhambre.org\/es\/"},{"@type":"ListItem","position":2,"name":"School Meals Program"}]},{"@type":"WebSite","@id":"https:\/\/www.feedthehungrysma.org\/#website","url":"https:\/\/www.feedthehungrysma.org\/","name":"Feed the Hungry San Miguel","description":"","publisher":{"@id":"https:\/\/www.feedthehungrysma.org\/#organization"},"potentialAction":[{"@type":"SearchAction","target":{"@type":"EntryPoint","urlTemplate":"https:\/\/www.feedthehungrysma.org\/?s={search_term_string}"},"query-input":{"@type":"PropertyValueSpecification","valueRequired":true,"valueName":"search_term_string"}}],"inLanguage":"es"},{"@type":"Organization","@id":"https:\/\/www.feedthehungrysma.org\/#organization","name":"Feed the Hungry San Miguel A.C","url":"https:\/\/www.feedthehungrysma.org\/","logo":{"@type":"ImageObject","inLanguage":"es","@id":"https:\/\/www.feedthehungrysma.org\/#\/schema\/logo\/image\/","url":"https:\/\/www.feedthehungrysma.org\/wp-content\/uploads\/2023\/12\/fth_40anos_v2.png","contentUrl":"https:\/\/www.feedthehungrysma.org\/wp-content\/uploads\/2023\/12\/fth_40anos_v2.png","width":554,"height":178,"caption":"Feed the Hungry San Miguel A.C"},"image":{"@id":"https:\/\/www.feedthehungrysma.org\/#\/schema\/logo\/image\/"},"sameAs":["https:\/\/www.facebook.com\/FeedtheHungrySMA\/","https:\/\/x.com\/FTHSanMiguel","https:\/\/www.instagram.com\/FeedTheHungrySMA\/","https:\/\/www.youtube.com\/channel\/UC1pXgylwryRMKsayIP9bPIA"]}]}},"rttpg_featured_image_url":{"full":["https:\/\/www.sanmiguelsinhambre.org\/wp-content\/uploads\/2022\/05\/Cooks-chopping.jpg",952,565,false],"landscape":["https:\/\/www.sanmiguelsinhambre.org\/wp-content\/uploads\/2022\/05\/Cooks-chopping.jpg",952,565,false],"portraits":["https:\/\/www.sanmiguelsinhambre.org\/wp-content\/uploads\/2022\/05\/Cooks-chopping.jpg",952,565,false],"thumbnail":["https:\/\/www.sanmiguelsinhambre.org\/wp-content\/uploads\/2022\/05\/Cooks-chopping-150x150.jpg",150,150,true],"medium":["https:\/\/www.sanmiguelsinhambre.org\/wp-content\/uploads\/2022\/05\/Cooks-chopping-300x178.jpg",300,178,true],"large":["https:\/\/www.sanmiguelsinhambre.org\/wp-content\/uploads\/2022\/05\/Cooks-chopping.jpg",952,565,false],"1536x1536":["https:\/\/www.sanmiguelsinhambre.org\/wp-content\/uploads\/2022\/05\/Cooks-chopping.jpg",952,565,false],"2048x2048":["https:\/\/www.sanmiguelsinhambre.org\/wp-content\/uploads\/2022\/05\/Cooks-chopping.jpg",952,565,false],"trp-custom-language-flag":["https:\/\/www.sanmiguelsinhambre.org\/wp-content\/uploads\/2022\/05\/Cooks-chopping.jpg",18,12,false]},"rttpg_author":{"display_name":"Soporte Core Group Solutions","author_link":"https:\/\/www.sanmiguelsinhambre.org\/es\/author\/soporte-fth\/"},"rttpg_comment":0,"rttpg_category":null,"rttpg_excerpt":"When schools are in session, Feed the Hungry San Miguel operates kitchens attached to 40 preschools and primary schools in the poorest communities in the San Miguel de Allende municipality. The majority of them are in rural villages.\u00a0In most of the communities, cooks are hired, trained, and paid a year-round salary and benefits, while in&hellip;","_links":{"self":[{"href":"https:\/\/www.sanmiguelsinhambre.org\/es\/wp-json\/wp\/v2\/pages\/2475","targetHints":{"allow":["GET"]}}],"collection":[{"href":"https:\/\/www.sanmiguelsinhambre.org\/es\/wp-json\/wp\/v2\/pages"}],"about":[{"href":"https:\/\/www.sanmiguelsinhambre.org\/es\/wp-json\/wp\/v2\/types\/page"}],"author":[{"embeddable":true,"href":"https:\/\/www.sanmiguelsinhambre.org\/es\/wp-json\/wp\/v2\/users\/279"}],"replies":[{"embeddable":true,"href":"https:\/\/www.sanmiguelsinhambre.org\/es\/wp-json\/wp\/v2\/comments?post=2475"}],"version-history":[{"count":28,"href":"https:\/\/www.sanmiguelsinhambre.org\/es\/wp-json\/wp\/v2\/pages\/2475\/revisions"}],"predecessor-version":[{"id":10851,"href":"https:\/\/www.sanmiguelsinhambre.org\/es\/wp-json\/wp\/v2\/pages\/2475\/revisions\/10851"}],"wp:featuredmedia":[{"embeddable":true,"href":"https:\/\/www.sanmiguelsinhambre.org\/es\/wp-json\/wp\/v2\/media\/5576"}],"wp:attachment":[{"href":"https:\/\/www.sanmiguelsinhambre.org\/es\/wp-json\/wp\/v2\/media?parent=2475"}],"curies":[{"name":"wp","href":"https:\/\/api.w.org\/{rel}","templated":true}]}}